{"id":314,"date":"2022-09-27T11:18:08","date_gmt":"2022-09-27T09:18:08","guid":{"rendered":"https:\/\/www.munkedalsplantskola.se\/?page_id=314"},"modified":"2022-09-28T07:58:37","modified_gmt":"2022-09-28T05:58:37","slug":"butiken","status":"publish","type":"page","link":"https:\/\/www.munkedalsplantskola.se\/index.php\/butiken\/","title":{"rendered":"Butiken"},"content":{"rendered":"\t\t<div data-elementor-type=\"wp-page\" data-elementor-id=\"314\" class=\"elementor elementor-314\">\n\t\t\t\t\t\t<section class=\"elementor-section elementor-top-section elementor-element elementor-element-2fb078a elementor-section-height-min-height elementor-section-boxed elementor-section-height-default elementor-section-items-middle\" data-id=\"2fb078a\" data-element_type=\"section\" data-settings=\"{&quot;background_background&quot;:&quot;classic&quot;}\">\n\t\t\t\t\t\t\t<div class=\"elementor-background-overlay\"><\/div>\n\t\t\t\t\t\t\t<div class=\"elementor-container elementor-column-gap-default\">\n\t\t\t\t\t<div class=\"elementor-column elementor-col-100 elementor-top-column elementor-element elementor-element-ed5a894\" data-id=\"ed5a894\" data-element_type=\"column\">\n\t\t\t<div class=\"elementor-widget-wrap elementor-element-populated\">\n\t\t\t\t\t\t<div class=\"elementor-element elementor-element-8de2f09 elementor-widget elementor-widget-heading\" data-id=\"8de2f09\" data-element_type=\"widget\" data-widget_type=\"heading.default\">\n\t\t\t\t<div class=\"elementor-widget-container\">\n\t\t\t<style>\/*! elementor - v3.21.0 - 18-04-2024 *\/\n.elementor-heading-title{padding:0;margin:0;line-height:1}.elementor-widget-heading .elementor-heading-title[class*=elementor-size-]>a{color:inherit;font-size:inherit;line-height:inherit}.elementor-widget-heading .elementor-heading-title.elementor-size-small{font-size:15px}.elementor-widget-heading .elementor-heading-title.elementor-size-medium{font-size:19px}.elementor-widget-heading .elementor-heading-title.elementor-size-large{font-size:29px}.elementor-widget-heading .elementor-heading-title.elementor-size-xl{font-size:39px}.elementor-widget-heading .elementor-heading-title.elementor-size-xxl{font-size:59px}<\/style><h2 class=\"elementor-heading-title elementor-size-default\">butiken<\/h2>\t\t<\/div>\n\t\t\t\t<\/div>\n\t\t\t\t<div class=\"elementor-element elementor-element-688b081 elementor-widget elementor-widget-text-editor\" data-id=\"688b081\" data-element_type=\"widget\" data-widget_type=\"text-editor.default\">\n\t\t\t\t<div class=\"elementor-widget-container\">\n\t\t\t<style>\/*! elementor - v3.21.0 - 18-04-2024 *\/\n.elementor-widget-text-editor.elementor-drop-cap-view-stacked .elementor-drop-cap{background-color:#69727d;color:#fff}.elementor-widget-text-editor.elementor-drop-cap-view-framed .elementor-drop-cap{color:#69727d;border:3px solid;background-color:transparent}.elementor-widget-text-editor:not(.elementor-drop-cap-view-default) .elementor-drop-cap{margin-top:8px}.elementor-widget-text-editor:not(.elementor-drop-cap-view-default) .elementor-drop-cap-letter{width:1em;height:1em}.elementor-widget-text-editor .elementor-drop-cap{float:left;text-align:center;line-height:1;font-size:50px}.elementor-widget-text-editor .elementor-drop-cap-letter{display:inline-block}<\/style>\t\t\t\t<p>Det mesta och det b\u00e4sta f\u00f6r tr\u00e4dg\u00e5rden!<\/p>\t\t\t\t\t\t<\/div>\n\t\t\t\t<\/div>\n\t\t\t\t\t<\/div>\n\t\t<\/div>\n\t\t\t\t\t<\/div>\n\t\t<\/section>\n\t\t\t\t<section class=\"elementor-section elementor-top-section elementor-element elementor-element-e10ce1b elementor-section-boxed elementor-section-height-default elementor-section-height-default\" data-id=\"e10ce1b\" data-element_type=\"section\">\n\t\t\t\t\t\t<div class=\"elementor-container elementor-column-gap-default\">\n\t\t\t\t\t<div class=\"elementor-column elementor-col-100 elementor-top-column elementor-element elementor-element-b30d990\" data-id=\"b30d990\" data-element_type=\"column\">\n\t\t\t<div class=\"elementor-widget-wrap elementor-element-populated\">\n\t\t\t\t\t\t<div class=\"elementor-element elementor-element-3dc1de3 elementor-widget elementor-widget-spacer\" data-id=\"3dc1de3\" data-element_type=\"widget\" data-widget_type=\"spacer.default\">\n\t\t\t\t<div class=\"elementor-widget-container\">\n\t\t\t<style>\/*! elementor - v3.21.0 - 18-04-2024 *\/\n.elementor-column .elementor-spacer-inner{height:var(--spacer-size)}.e-con{--container-widget-width:100%}.e-con-inner>.elementor-widget-spacer,.e-con>.elementor-widget-spacer{width:var(--container-widget-width,var(--spacer-size));--align-self:var(--container-widget-align-self,initial);--flex-shrink:0}.e-con-inner>.elementor-widget-spacer>.elementor-widget-container,.e-con>.elementor-widget-spacer>.elementor-widget-container{height:100%;width:100%}.e-con-inner>.elementor-widget-spacer>.elementor-widget-container>.elementor-spacer,.e-con>.elementor-widget-spacer>.elementor-widget-container>.elementor-spacer{height:100%}.e-con-inner>.elementor-widget-spacer>.elementor-widget-container>.elementor-spacer>.elementor-spacer-inner,.e-con>.elementor-widget-spacer>.elementor-widget-container>.elementor-spacer>.elementor-spacer-inner{height:var(--container-widget-height,var(--spacer-size))}.e-con-inner>.elementor-widget-spacer.elementor-widget-empty,.e-con>.elementor-widget-spacer.elementor-widget-empty{position:relative;min-height:22px;min-width:22px}.e-con-inner>.elementor-widget-spacer.elementor-widget-empty .elementor-widget-empty-icon,.e-con>.elementor-widget-spacer.elementor-widget-empty .elementor-widget-empty-icon{position:absolute;top:0;bottom:0;left:0;right:0;margin:auto;padding:0;width:22px;height:22px}<\/style>\t\t<div class=\"elementor-spacer\">\n\t\t\t<div class=\"elementor-spacer-inner\"><\/div>\n\t\t<\/div>\n\t\t\t\t<\/div>\n\t\t\t\t<\/div>\n\t\t\t\t\t<\/div>\n\t\t<\/div>\n\t\t\t\t\t<\/div>\n\t\t<\/section>\n\t\t\t\t<section class=\"elementor-section elementor-top-section elementor-element elementor-element-7bc873b elementor-section-boxed elementor-section-height-default elementor-section-height-default\" data-id=\"7bc873b\" data-element_type=\"section\">\n\t\t\t\t\t\t<div class=\"elementor-container elementor-column-gap-default\">\n\t\t\t\t\t<div class=\"elementor-column elementor-col-100 elementor-top-column elementor-element elementor-element-5528536\" data-id=\"5528536\" data-element_type=\"column\">\n\t\t\t<div class=\"elementor-widget-wrap elementor-element-populated\">\n\t\t\t\t\t\t<div class=\"elementor-element elementor-element-ea1b782 elementor-widget elementor-widget-text-editor\" data-id=\"ea1b782\" data-element_type=\"widget\" data-widget_type=\"text-editor.default\">\n\t\t\t\t<div class=\"elementor-widget-container\">\n\t\t\t\t\t\t\t<p>Hos oss p\u00e5 Munkedals Plantskolan hittar ni en mix av bra, praktiska och gedigna tr\u00e4dg\u00e5rdsredskap som f\u00f6renklar arbetet i tr\u00e4dg\u00e5rden. Vi har \u00e4ven ett brett sortiment av olika tr\u00e4dg\u00e5rdstillbeh\u00f6r som f\u00f6rgyller din tr\u00e4dg\u00e5rd och som hj\u00e4lper dina v\u00e4xter att trivas \u00e4nnu b\u00e4ttre. H\u00e4r \u00e4r bara en liten del av vad du kan hitta i v\u00e5rt sortiment.<\/p>\t\t\t\t\t\t<\/div>\n\t\t\t\t<\/div>\n\t\t\t\t\t<\/div>\n\t\t<\/div>\n\t\t\t\t\t<\/div>\n\t\t<\/section>\n\t\t\t\t<section class=\"elementor-section elementor-top-section elementor-element elementor-element-82a997b elementor-section-boxed elementor-section-height-default elementor-section-height-default\" data-id=\"82a997b\" data-element_type=\"section\">\n\t\t\t\t\t\t<div class=\"elementor-container elementor-column-gap-default\">\n\t\t\t\t\t<div class=\"elementor-column elementor-col-50 elementor-top-column elementor-element elementor-element-949fde4\" data-id=\"949fde4\" data-element_type=\"column\">\n\t\t\t<div class=\"elementor-widget-wrap elementor-element-populated\">\n\t\t\t\t\t\t<div class=\"elementor-element elementor-element-30721b7 elementor-widget elementor-widget-image\" data-id=\"30721b7\" data-element_type=\"widget\" data-widget_type=\"image.default\">\n\t\t\t\t<div class=\"elementor-widget-container\">\n\t\t\t<style>\/*! elementor - v3.21.0 - 18-04-2024 *\/\n.elementor-widget-image{text-align:center}.elementor-widget-image a{display:inline-block}.elementor-widget-image a img[src$=\".svg\"]{width:48px}.elementor-widget-image img{vertical-align:middle;display:inline-block}<\/style>\t\t\t\t\t\t\t\t\t\t<img fetchpriority=\"high\" decoding=\"async\" width=\"670\" height=\"670\" src=\"https:\/\/www.munkedalsplantskola.se\/wp-content\/uploads\/2022\/09\/pond.jpg\" class=\"attachment-large size-large wp-image-402\" alt=\"\" srcset=\"https:\/\/www.munkedalsplantskola.se\/wp-content\/uploads\/2022\/09\/pond.jpg 670w, https:\/\/www.munkedalsplantskola.se\/wp-content\/uploads\/2022\/09\/pond-300x300.jpg 300w, https:\/\/www.munkedalsplantskola.se\/wp-content\/uploads\/2022\/09\/pond-150x150.jpg 150w, https:\/\/www.munkedalsplantskola.se\/wp-content\/uploads\/2022\/09\/pond-360x360.jpg 360w\" sizes=\"(max-width: 670px) 100vw, 670px\" \/>\t\t\t\t\t\t\t\t\t\t\t\t\t<\/div>\n\t\t\t\t<\/div>\n\t\t\t\t\t<\/div>\n\t\t<\/div>\n\t\t\t\t<div class=\"elementor-column elementor-col-50 elementor-top-column elementor-element elementor-element-0f5ccbb\" data-id=\"0f5ccbb\" data-element_type=\"column\">\n\t\t\t<div class=\"elementor-widget-wrap elementor-element-populated\">\n\t\t\t\t\t\t<div class=\"elementor-element elementor-element-e03a9b7 elementor-widget elementor-widget-heading\" data-id=\"e03a9b7\" data-element_type=\"widget\" data-widget_type=\"heading.default\">\n\t\t\t\t<div class=\"elementor-widget-container\">\n\t\t\t<h2 class=\"elementor-heading-title elementor-size-default\">Allt till tr\u00e4dg\u00e5rdsdammen<\/h2>\t\t<\/div>\n\t\t\t\t<\/div>\n\t\t\t\t<div class=\"elementor-element elementor-element-a2d5a01 elementor-widget elementor-widget-text-editor\" data-id=\"a2d5a01\" data-element_type=\"widget\" data-widget_type=\"text-editor.default\">\n\t\t\t\t<div class=\"elementor-widget-container\">\n\t\t\t\t\t\t\t<p>Till tr\u00e4dg\u00e5rdsdammen har vi allt fr\u00e5n f\u00e4rdiga paket med en enkel installation till den stora dammen som kr\u00e4ver b\u00e5de duk, pump, belysning och v\u00e4xter. Vill du ha fiskar i din damm s\u00e5 kom in en sv\u00e4ng s\u00e5 kan vi tipsa dig om lokala fiskodlare och vad du beh\u00f6ver t\u00e4nka p\u00e5 d\u00e5.<\/p>\t\t\t\t\t\t<\/div>\n\t\t\t\t<\/div>\n\t\t\t\t\t<\/div>\n\t\t<\/div>\n\t\t\t\t\t<\/div>\n\t\t<\/section>\n\t\t\t\t<section class=\"elementor-section elementor-top-section elementor-element elementor-element-09475d6 elementor-section-boxed elementor-section-height-default elementor-section-height-default\" data-id=\"09475d6\" data-element_type=\"section\">\n\t\t\t\t\t\t<div class=\"elementor-container elementor-column-gap-default\">\n\t\t\t\t\t<div class=\"elementor-column elementor-col-50 elementor-top-column elementor-element elementor-element-46daa1d\" data-id=\"46daa1d\" data-element_type=\"column\">\n\t\t\t<div class=\"elementor-widget-wrap elementor-element-populated\">\n\t\t\t\t\t\t<div class=\"elementor-element elementor-element-a775545 elementor-widget elementor-widget-image\" data-id=\"a775545\" data-element_type=\"widget\" data-widget_type=\"image.default\">\n\t\t\t\t<div class=\"elementor-widget-container\">\n\t\t\t\t\t\t\t\t\t\t\t\t\t<img decoding=\"async\" width=\"670\" height=\"670\" src=\"https:\/\/www.munkedalsplantskola.se\/wp-content\/uploads\/2022\/09\/lucko.jpg\" class=\"attachment-large size-large wp-image-404\" alt=\"\" srcset=\"https:\/\/www.munkedalsplantskola.se\/wp-content\/uploads\/2022\/09\/lucko.jpg 670w, https:\/\/www.munkedalsplantskola.se\/wp-content\/uploads\/2022\/09\/lucko-300x300.jpg 300w, https:\/\/www.munkedalsplantskola.se\/wp-content\/uploads\/2022\/09\/lucko-150x150.jpg 150w, https:\/\/www.munkedalsplantskola.se\/wp-content\/uploads\/2022\/09\/lucko-360x360.jpg 360w\" sizes=\"(max-width: 670px) 100vw, 670px\" \/>\t\t\t\t\t\t\t\t\t\t\t\t\t<\/div>\n\t\t\t\t<\/div>\n\t\t\t\t\t<\/div>\n\t\t<\/div>\n\t\t\t\t<div class=\"elementor-column elementor-col-50 elementor-top-column elementor-element elementor-element-ba264d0\" data-id=\"ba264d0\" data-element_type=\"column\">\n\t\t\t<div class=\"elementor-widget-wrap elementor-element-populated\">\n\t\t\t\t\t\t<div class=\"elementor-element elementor-element-235be43 elementor-widget elementor-widget-heading\" data-id=\"235be43\" data-element_type=\"widget\" data-widget_type=\"heading.default\">\n\t\t\t\t<div class=\"elementor-widget-container\">\n\t\t\t<h2 class=\"elementor-heading-title elementor-size-default\">Brett urval av tr\u00e4dg\u00e5rdsredskap<\/h2>\t\t<\/div>\n\t\t\t\t<\/div>\n\t\t\t\t<div class=\"elementor-element elementor-element-4970823 elementor-widget elementor-widget-text-editor\" data-id=\"4970823\" data-element_type=\"widget\" data-widget_type=\"text-editor.default\">\n\t\t\t\t<div class=\"elementor-widget-container\">\n\t\t\t\t\t\t\t<p>I redskapssortimentet har vi bland annat smarta, svensktillverkade tr\u00e4dg\u00e5rdsredskap fr\u00e5n Svea Redskap s\u00e5 som Lucko och Pendelhackan. Ni hittar \u00e4ven spadar, hackor, liar, grensaxar och sekat\u00f6rer m.fl. Vi har allt fr\u00e5n enkla och prisv\u00e4rda redskap till rostfria japanska proffsverktyg.<\/p>\t\t\t\t\t\t<\/div>\n\t\t\t\t<\/div>\n\t\t\t\t\t<\/div>\n\t\t<\/div>\n\t\t\t\t\t<\/div>\n\t\t<\/section>\n\t\t\t\t<section class=\"elementor-section elementor-top-section elementor-element elementor-element-df2f23b elementor-section-boxed elementor-section-height-default elementor-section-height-default\" data-id=\"df2f23b\" data-element_type=\"section\">\n\t\t\t\t\t\t<div class=\"elementor-container elementor-column-gap-default\">\n\t\t\t\t\t<div class=\"elementor-column elementor-col-50 elementor-top-column elementor-element elementor-element-bc39ea5\" data-id=\"bc39ea5\" data-element_type=\"column\">\n\t\t\t<div class=\"elementor-widget-wrap elementor-element-populated\">\n\t\t\t\t\t\t<div class=\"elementor-element elementor-element-083dbd2 elementor-widget elementor-widget-image\" data-id=\"083dbd2\" data-element_type=\"widget\" data-widget_type=\"image.default\">\n\t\t\t\t<div class=\"elementor-widget-container\">\n\t\t\t\t\t\t\t\t\t\t\t\t\t<img decoding=\"async\" width=\"670\" height=\"670\" src=\"https:\/\/www.munkedalsplantskola.se\/wp-content\/uploads\/2022\/09\/lindesbergskrukan.jpg\" class=\"attachment-large size-large wp-image-412\" alt=\"\" srcset=\"https:\/\/www.munkedalsplantskola.se\/wp-content\/uploads\/2022\/09\/lindesbergskrukan.jpg 670w, https:\/\/www.munkedalsplantskola.se\/wp-content\/uploads\/2022\/09\/lindesbergskrukan-300x300.jpg 300w, https:\/\/www.munkedalsplantskola.se\/wp-content\/uploads\/2022\/09\/lindesbergskrukan-150x150.jpg 150w, https:\/\/www.munkedalsplantskola.se\/wp-content\/uploads\/2022\/09\/lindesbergskrukan-360x360.jpg 360w\" sizes=\"(max-width: 670px) 100vw, 670px\" \/>\t\t\t\t\t\t\t\t\t\t\t\t\t<\/div>\n\t\t\t\t<\/div>\n\t\t\t\t\t<\/div>\n\t\t<\/div>\n\t\t\t\t<div class=\"elementor-column elementor-col-50 elementor-top-column elementor-element elementor-element-ed2ce86\" data-id=\"ed2ce86\" data-element_type=\"column\">\n\t\t\t<div class=\"elementor-widget-wrap elementor-element-populated\">\n\t\t\t\t\t\t<div class=\"elementor-element elementor-element-ab584c9 elementor-widget elementor-widget-heading\" data-id=\"ab584c9\" data-element_type=\"widget\" data-widget_type=\"heading.default\">\n\t\t\t\t<div class=\"elementor-widget-container\">\n\t\t\t<h2 class=\"elementor-heading-title elementor-size-default\">Krukor och annat f\u00f6r v\u00e4xterna<\/h2>\t\t<\/div>\n\t\t\t\t<\/div>\n\t\t\t\t<div class=\"elementor-element elementor-element-aeed4d4 elementor-widget elementor-widget-text-editor\" data-id=\"aeed4d4\" data-element_type=\"widget\" data-widget_type=\"text-editor.default\">\n\t\t\t\t<div class=\"elementor-widget-container\">\n\t\t\t\t\t\t\t<p>Till dina v\u00e4xter har vi ett brett utbud utav krukor i alla former och storlekar t.ex. den svenska Lindesbergskrukan i isolerande l\u00e4ttviktsmaterial. Andra tr\u00e4dg\u00e5rdstillbeh\u00f6r s\u00e5 som spalj\u00e9er och v\u00e4xtst\u00f6d hittar ni ocks\u00e5 h\u00e4r.<\/p>\t\t\t\t\t\t<\/div>\n\t\t\t\t<\/div>\n\t\t\t\t\t<\/div>\n\t\t<\/div>\n\t\t\t\t\t<\/div>\n\t\t<\/section>\n\t\t\t\t<section class=\"elementor-section elementor-top-section elementor-element elementor-element-6dd5499 elementor-section-boxed elementor-section-height-default elementor-section-height-default\" data-id=\"6dd5499\" data-element_type=\"section\">\n\t\t\t\t\t\t<div class=\"elementor-container elementor-column-gap-default\">\n\t\t\t\t\t<div class=\"elementor-column elementor-col-50 elementor-top-column elementor-element elementor-element-a4b4b75\" data-id=\"a4b4b75\" data-element_type=\"column\">\n\t\t\t<div class=\"elementor-widget-wrap elementor-element-populated\">\n\t\t\t\t\t\t<div class=\"elementor-element elementor-element-d86e819 elementor-widget elementor-widget-image\" data-id=\"d86e819\" data-element_type=\"widget\" data-widget_type=\"image.default\">\n\t\t\t\t<div class=\"elementor-widget-container\">\n\t\t\t\t\t\t\t\t\t\t\t\t\t<img loading=\"lazy\" decoding=\"async\" width=\"670\" height=\"670\" src=\"https:\/\/www.munkedalsplantskola.se\/wp-content\/uploads\/2022\/09\/fiberduk.jpg\" class=\"attachment-large size-large wp-image-413\" alt=\"\" srcset=\"https:\/\/www.munkedalsplantskola.se\/wp-content\/uploads\/2022\/09\/fiberduk.jpg 670w, https:\/\/www.munkedalsplantskola.se\/wp-content\/uploads\/2022\/09\/fiberduk-300x300.jpg 300w, https:\/\/www.munkedalsplantskola.se\/wp-content\/uploads\/2022\/09\/fiberduk-150x150.jpg 150w, https:\/\/www.munkedalsplantskola.se\/wp-content\/uploads\/2022\/09\/fiberduk-360x360.jpg 360w\" sizes=\"(max-width: 670px) 100vw, 670px\" \/>\t\t\t\t\t\t\t\t\t\t\t\t\t<\/div>\n\t\t\t\t<\/div>\n\t\t\t\t\t<\/div>\n\t\t<\/div>\n\t\t\t\t<div class=\"elementor-column elementor-col-50 elementor-top-column elementor-element elementor-element-3c9ec90\" data-id=\"3c9ec90\" data-element_type=\"column\">\n\t\t\t<div class=\"elementor-widget-wrap elementor-element-populated\">\n\t\t\t\t\t\t<div class=\"elementor-element elementor-element-17293a9 elementor-widget elementor-widget-heading\" data-id=\"17293a9\" data-element_type=\"widget\" data-widget_type=\"heading.default\">\n\t\t\t\t<div class=\"elementor-widget-container\">\n\t\t\t<h2 class=\"elementor-heading-title elementor-size-default\">skyddsdukar av alla de slag<\/h2>\t\t<\/div>\n\t\t\t\t<\/div>\n\t\t\t\t<div class=\"elementor-element elementor-element-1390072 elementor-widget elementor-widget-text-editor\" data-id=\"1390072\" data-element_type=\"widget\" data-widget_type=\"text-editor.default\">\n\t\t\t\t<div class=\"elementor-widget-container\">\n\t\t\t\t\t\t\t<p>Dukar av olika slag s\u00e4ljs b\u00e5de f\u00e4rdig paketerade och i metervara. Vi har bland annat markduk, fiberduk, jutev\u00e4v, bubbelplast och sadeljord.<\/p>\t\t\t\t\t\t<\/div>\n\t\t\t\t<\/div>\n\t\t\t\t\t<\/div>\n\t\t<\/div>\n\t\t\t\t\t<\/div>\n\t\t<\/section>\n\t\t\t\t<section class=\"elementor-section elementor-top-section elementor-element elementor-element-eb7e72f elementor-section-boxed elementor-section-height-default elementor-section-height-default\" data-id=\"eb7e72f\" data-element_type=\"section\">\n\t\t\t\t\t\t<div class=\"elementor-container elementor-column-gap-default\">\n\t\t\t\t\t<div class=\"elementor-column elementor-col-50 elementor-top-column elementor-element elementor-element-06d257f\" data-id=\"06d257f\" data-element_type=\"column\">\n\t\t\t<div class=\"elementor-widget-wrap elementor-element-populated\">\n\t\t\t\t\t\t<div class=\"elementor-element elementor-element-e514683 elementor-widget elementor-widget-image\" data-id=\"e514683\" data-element_type=\"widget\" data-widget_type=\"image.default\">\n\t\t\t\t<div class=\"elementor-widget-container\">\n\t\t\t\t\t\t\t\t\t\t\t\t\t<img loading=\"lazy\" decoding=\"async\" width=\"670\" height=\"670\" src=\"https:\/\/www.munkedalsplantskola.se\/wp-content\/uploads\/2022\/09\/soil.jpg\" class=\"attachment-large size-large wp-image-420\" alt=\"\" srcset=\"https:\/\/www.munkedalsplantskola.se\/wp-content\/uploads\/2022\/09\/soil.jpg 670w, https:\/\/www.munkedalsplantskola.se\/wp-content\/uploads\/2022\/09\/soil-300x300.jpg 300w, https:\/\/www.munkedalsplantskola.se\/wp-content\/uploads\/2022\/09\/soil-150x150.jpg 150w, https:\/\/www.munkedalsplantskola.se\/wp-content\/uploads\/2022\/09\/soil-360x360.jpg 360w\" sizes=\"(max-width: 670px) 100vw, 670px\" \/>\t\t\t\t\t\t\t\t\t\t\t\t\t<\/div>\n\t\t\t\t<\/div>\n\t\t\t\t\t<\/div>\n\t\t<\/div>\n\t\t\t\t<div class=\"elementor-column elementor-col-50 elementor-top-column elementor-element elementor-element-b36b923\" data-id=\"b36b923\" data-element_type=\"column\">\n\t\t\t<div class=\"elementor-widget-wrap elementor-element-populated\">\n\t\t\t\t\t\t<div class=\"elementor-element elementor-element-4a3b2d9 elementor-widget elementor-widget-heading\" data-id=\"4a3b2d9\" data-element_type=\"widget\" data-widget_type=\"heading.default\">\n\t\t\t\t<div class=\"elementor-widget-container\">\n\t\t\t<h2 class=\"elementor-heading-title elementor-size-default\">Kvalitetsjord f\u00f6r alla tillf\u00e4llen<\/h2>\t\t<\/div>\n\t\t\t\t<\/div>\n\t\t\t\t<div class=\"elementor-element elementor-element-ba420e1 elementor-widget elementor-widget-text-editor\" data-id=\"ba420e1\" data-element_type=\"widget\" data-widget_type=\"text-editor.default\">\n\t\t\t\t<div class=\"elementor-widget-container\">\n\t\t\t\t\t\t\t<p>Vi s\u00e4ljer kvalitetsjord fr\u00e5n Hasselfors och Fagerhults torv.<\/p>\t\t\t\t\t\t<\/div>\n\t\t\t\t<\/div>\n\t\t\t\t\t<\/div>\n\t\t<\/div>\n\t\t\t\t\t<\/div>\n\t\t<\/section>\n\t\t\t\t<section class=\"elementor-section elementor-top-section elementor-element elementor-element-ca03dd2 elementor-section-boxed elementor-section-height-default elementor-section-height-default\" data-id=\"ca03dd2\" data-element_type=\"section\">\n\t\t\t\t\t\t<div class=\"elementor-container elementor-column-gap-default\">\n\t\t\t\t\t<div class=\"elementor-column elementor-col-50 elementor-top-column elementor-element elementor-element-fdd0771\" data-id=\"fdd0771\" data-element_type=\"column\">\n\t\t\t<div class=\"elementor-widget-wrap elementor-element-populated\">\n\t\t\t\t\t\t<div class=\"elementor-element elementor-element-a81ebe1 elementor-widget elementor-widget-image\" data-id=\"a81ebe1\" data-element_type=\"widget\" data-widget_type=\"image.default\">\n\t\t\t\t<div class=\"elementor-widget-container\">\n\t\t\t\t\t\t\t\t\t\t\t\t\t<img loading=\"lazy\" decoding=\"async\" width=\"670\" height=\"669\" src=\"https:\/\/www.munkedalsplantskola.se\/wp-content\/uploads\/2022\/09\/trico-garden.jpg\" class=\"attachment-large size-large wp-image-422\" alt=\"\" srcset=\"https:\/\/www.munkedalsplantskola.se\/wp-content\/uploads\/2022\/09\/trico-garden.jpg 670w, https:\/\/www.munkedalsplantskola.se\/wp-content\/uploads\/2022\/09\/trico-garden-300x300.jpg 300w, https:\/\/www.munkedalsplantskola.se\/wp-content\/uploads\/2022\/09\/trico-garden-150x150.jpg 150w, https:\/\/www.munkedalsplantskola.se\/wp-content\/uploads\/2022\/09\/trico-garden-360x360.jpg 360w\" sizes=\"(max-width: 670px) 100vw, 670px\" \/>\t\t\t\t\t\t\t\t\t\t\t\t\t<\/div>\n\t\t\t\t<\/div>\n\t\t\t\t\t<\/div>\n\t\t<\/div>\n\t\t\t\t<div class=\"elementor-column elementor-col-50 elementor-top-column elementor-element elementor-element-2198c58\" data-id=\"2198c58\" data-element_type=\"column\">\n\t\t\t<div class=\"elementor-widget-wrap elementor-element-populated\">\n\t\t\t\t\t\t<div class=\"elementor-element elementor-element-3c3fec8 elementor-widget elementor-widget-heading\" data-id=\"3c3fec8\" data-element_type=\"widget\" data-widget_type=\"heading.default\">\n\t\t\t\t<div class=\"elementor-widget-container\">\n\t\t\t<h2 class=\"elementor-heading-title elementor-size-default\">Mot o\u00f6nskade djur<\/h2>\t\t<\/div>\n\t\t\t\t<\/div>\n\t\t\t\t<div class=\"elementor-element elementor-element-5e51843 elementor-widget elementor-widget-text-editor\" data-id=\"5e51843\" data-element_type=\"widget\" data-widget_type=\"text-editor.default\">\n\t\t\t\t<div class=\"elementor-widget-container\">\n\t\t\t\t\t\t\t<p>Om du har r\u00e5kat ut f\u00f6r o\u00f6nskade djur i tr\u00e4dg\u00e5rden s\u00e5 finner du b\u00e5de Trico-garden R\u00e5-v\u00e4ck,\u00a0 Revira mot r\u00e5djuren, koppartejp och snigelmedel mot sniglarna i butiken.<\/p>\t\t\t\t\t\t<\/div>\n\t\t\t\t<\/div>\n\t\t\t\t\t<\/div>\n\t\t<\/div>\n\t\t\t\t\t<\/div>\n\t\t<\/section>\n\t\t\t\t<\/div>\n\t\t","protected":false},"excerpt":{"rendered":"<p>butiken Det mesta och det b\u00e4sta f\u00f6r tr\u00e4dg\u00e5rden! Hos oss p\u00e5 Munkedals Plantskolan hittar ni en mix av bra, praktiska [&hellip;]<\/p>\n","protected":false},"author":1,"featured_media":0,"parent":0,"menu_order":0,"comment_status":"closed","ping_status":"closed","template":"page-templates\/template_page-builder.php","meta":{"om_disable_all_campaigns":false,"_monsterinsights_skip_tracking":false,"_monsterinsights_sitenote_active":false,"_monsterinsights_sitenote_note":"","_monsterinsights_sitenote_category":0,"footnotes":""},"class_list":["post-314","page","type-page","status-publish","hentry"],"aioseo_notices":[],"_links":{"self":[{"href":"https:\/\/www.munkedalsplantskola.se\/index.php\/wp-json\/wp\/v2\/pages\/314","targetHints":{"allow":["GET"]}}],"collection":[{"href":"https:\/\/www.munkedalsplantskola.se\/index.php\/wp-json\/wp\/v2\/pages"}],"about":[{"href":"https:\/\/www.munkedalsplantskola.se\/index.php\/wp-json\/wp\/v2\/types\/page"}],"author":[{"embeddable":true,"href":"https:\/\/www.munkedalsplantskola.se\/index.php\/wp-json\/wp\/v2\/users\/1"}],"replies":[{"embeddable":true,"href":"https:\/\/www.munkedalsplantskola.se\/index.php\/wp-json\/wp\/v2\/comments?post=314"}],"version-history":[{"count":41,"href":"https:\/\/www.munkedalsplantskola.se\/index.php\/wp-json\/wp\/v2\/pages\/314\/revisions"}],"predecessor-version":[{"id":710,"href":"https:\/\/www.munkedalsplantskola.se\/index.php\/wp-json\/wp\/v2\/pages\/314\/revisions\/710"}],"wp:attachment":[{"href":"https:\/\/www.munkedalsplantskola.se\/index.php\/wp-json\/wp\/v2\/media?parent=314"}],"curies":[{"name":"wp","href":"https:\/\/api.w.org\/{rel}","templated":true}]}}