{"id":284,"date":"2022-09-27T11:12:03","date_gmt":"2022-09-27T09:12:03","guid":{"rendered":"https:\/\/www.munkedalsplantskola.se\/?page_id=284"},"modified":"2022-09-27T12:27:28","modified_gmt":"2022-09-27T10:27:28","slug":"inspiration-tips-2","status":"publish","type":"page","link":"https:\/\/www.munkedalsplantskola.se\/index.php\/inspiration-tips-2\/","title":{"rendered":"Inspiration &#038; tips"},"content":{"rendered":"\t\t<div data-elementor-type=\"wp-page\" data-elementor-id=\"284\" class=\"elementor elementor-284\">\n\t\t\t\t\t\t<section class=\"elementor-section elementor-top-section elementor-element elementor-element-8e2c460 elementor-section-height-min-height elementor-section-boxed elementor-section-height-default elementor-section-items-middle\" data-id=\"8e2c460\" data-element_type=\"section\" data-settings=\"{&quot;background_background&quot;:&quot;classic&quot;}\">\n\t\t\t\t\t\t\t<div class=\"elementor-background-overlay\"><\/div>\n\t\t\t\t\t\t\t<div class=\"elementor-container elementor-column-gap-default\">\n\t\t\t\t\t<div class=\"elementor-column elementor-col-100 elementor-top-column elementor-element elementor-element-7f657f6\" data-id=\"7f657f6\" data-element_type=\"column\">\n\t\t\t<div class=\"elementor-widget-wrap elementor-element-populated\">\n\t\t\t\t\t\t<div class=\"elementor-element elementor-element-da6c805 elementor-widget elementor-widget-heading\" data-id=\"da6c805\" data-element_type=\"widget\" data-widget_type=\"heading.default\">\n\t\t\t\t<div class=\"elementor-widget-container\">\n\t\t\t<style>\/*! elementor - v3.21.0 - 18-04-2024 *\/\n.elementor-heading-title{padding:0;margin:0;line-height:1}.elementor-widget-heading .elementor-heading-title[class*=elementor-size-]>a{color:inherit;font-size:inherit;line-height:inherit}.elementor-widget-heading .elementor-heading-title.elementor-size-small{font-size:15px}.elementor-widget-heading .elementor-heading-title.elementor-size-medium{font-size:19px}.elementor-widget-heading .elementor-heading-title.elementor-size-large{font-size:29px}.elementor-widget-heading .elementor-heading-title.elementor-size-xl{font-size:39px}.elementor-widget-heading .elementor-heading-title.elementor-size-xxl{font-size:59px}<\/style><h2 class=\"elementor-heading-title elementor-size-default\">inspiration & tips<\/h2>\t\t<\/div>\n\t\t\t\t<\/div>\n\t\t\t\t<div class=\"elementor-element elementor-element-a545520 elementor-widget elementor-widget-text-editor\" data-id=\"a545520\" data-element_type=\"widget\" data-widget_type=\"text-editor.default\">\n\t\t\t\t<div class=\"elementor-widget-container\">\n\t\t\t<style>\/*! elementor - v3.21.0 - 18-04-2024 *\/\n.elementor-widget-text-editor.elementor-drop-cap-view-stacked .elementor-drop-cap{background-color:#69727d;color:#fff}.elementor-widget-text-editor.elementor-drop-cap-view-framed .elementor-drop-cap{color:#69727d;border:3px solid;background-color:transparent}.elementor-widget-text-editor:not(.elementor-drop-cap-view-default) .elementor-drop-cap{margin-top:8px}.elementor-widget-text-editor:not(.elementor-drop-cap-view-default) .elementor-drop-cap-letter{width:1em;height:1em}.elementor-widget-text-editor .elementor-drop-cap{float:left;text-align:center;line-height:1;font-size:50px}.elementor-widget-text-editor .elementor-drop-cap-letter{display:inline-block}<\/style>\t\t\t\t<p>H\u00e4r f\u00e5r du kunskap, inspiration och tips<\/p>\t\t\t\t\t\t<\/div>\n\t\t\t\t<\/div>\n\t\t\t\t\t<\/div>\n\t\t<\/div>\n\t\t\t\t\t<\/div>\n\t\t<\/section>\n\t\t\t\t<section class=\"elementor-section elementor-top-section elementor-element elementor-element-aab2cca elementor-section-boxed elementor-section-height-default elementor-section-height-default\" data-id=\"aab2cca\" data-element_type=\"section\">\n\t\t\t\t\t\t<div class=\"elementor-container elementor-column-gap-default\">\n\t\t\t\t\t<div class=\"elementor-column elementor-col-100 elementor-top-column elementor-element elementor-element-cd02e13\" data-id=\"cd02e13\" data-element_type=\"column\">\n\t\t\t<div class=\"elementor-widget-wrap elementor-element-populated\">\n\t\t\t\t\t\t<div class=\"elementor-element elementor-element-80f1384 elementor-widget elementor-widget-spacer\" data-id=\"80f1384\" data-element_type=\"widget\" data-widget_type=\"spacer.default\">\n\t\t\t\t<div class=\"elementor-widget-container\">\n\t\t\t<style>\/*! elementor - v3.21.0 - 18-04-2024 *\/\n.elementor-column .elementor-spacer-inner{height:var(--spacer-size)}.e-con{--container-widget-width:100%}.e-con-inner>.elementor-widget-spacer,.e-con>.elementor-widget-spacer{width:var(--container-widget-width,var(--spacer-size));--align-self:var(--container-widget-align-self,initial);--flex-shrink:0}.e-con-inner>.elementor-widget-spacer>.elementor-widget-container,.e-con>.elementor-widget-spacer>.elementor-widget-container{height:100%;width:100%}.e-con-inner>.elementor-widget-spacer>.elementor-widget-container>.elementor-spacer,.e-con>.elementor-widget-spacer>.elementor-widget-container>.elementor-spacer{height:100%}.e-con-inner>.elementor-widget-spacer>.elementor-widget-container>.elementor-spacer>.elementor-spacer-inner,.e-con>.elementor-widget-spacer>.elementor-widget-container>.elementor-spacer>.elementor-spacer-inner{height:var(--container-widget-height,var(--spacer-size))}.e-con-inner>.elementor-widget-spacer.elementor-widget-empty,.e-con>.elementor-widget-spacer.elementor-widget-empty{position:relative;min-height:22px;min-width:22px}.e-con-inner>.elementor-widget-spacer.elementor-widget-empty .elementor-widget-empty-icon,.e-con>.elementor-widget-spacer.elementor-widget-empty .elementor-widget-empty-icon{position:absolute;top:0;bottom:0;left:0;right:0;margin:auto;padding:0;width:22px;height:22px}<\/style>\t\t<div class=\"elementor-spacer\">\n\t\t\t<div class=\"elementor-spacer-inner\"><\/div>\n\t\t<\/div>\n\t\t\t\t<\/div>\n\t\t\t\t<\/div>\n\t\t\t\t\t<\/div>\n\t\t<\/div>\n\t\t\t\t\t<\/div>\n\t\t<\/section>\n\t\t\t\t<section class=\"elementor-section elementor-top-section elementor-element elementor-element-8413842 elementor-section-boxed elementor-section-height-default elementor-section-height-default\" data-id=\"8413842\" data-element_type=\"section\">\n\t\t\t\t\t\t<div class=\"elementor-container elementor-column-gap-default\">\n\t\t\t\t\t<div class=\"elementor-column elementor-col-100 elementor-top-column elementor-element elementor-element-a9a00d5\" data-id=\"a9a00d5\" data-element_type=\"column\">\n\t\t\t<div class=\"elementor-widget-wrap elementor-element-populated\">\n\t\t\t\t\t\t<div class=\"elementor-element elementor-element-06deb86 elementor-widget elementor-widget-text-editor\" data-id=\"06deb86\" data-element_type=\"widget\" data-widget_type=\"text-editor.default\">\n\t\t\t\t<div class=\"elementor-widget-container\">\n\t\t\t\t\t\t\t<div>H\u00e4r f\u00e5r du kunskap, inspiration och tips. N\u00e4r du ska g\u00f6ra n\u00e5got i din tr\u00e4dg\u00e5rd \u00e4r det viktigt att t\u00e4nka p\u00e5 husets sj\u00e4l och p\u00e5 omgivningarna! Ett 70-tals hus g\u00f6r sig b\u00e4st med v\u00e4xter och tr\u00e4dg\u00e5rd som uttrycker samma k\u00e4nsla. Skapa allts\u00e5 inte en toppmodern tr\u00e4dg\u00e5rd om huset \u00e4r lantligt och vice versa utan f\u00f6lj husets ursprung och karakt\u00e4r, d\u00e5 blir det som vackrast.<\/div><div>T\u00e4nk ocks\u00e5 ut\u00a0 bra platser om du vill ha \u00e4tligt i din tr\u00e4dg\u00e5rd. Kanske vill du ha ett frukttr\u00e4d, bl\u00e5b\u00e4r, vinb\u00e4r,\u00a0 en k\u00f6kstr\u00e4dg\u00e5rd eller ett h\u00e4rligt jordgubbsland. F\u00f6r vad \u00e4r v\u00e4l godare att kunna g\u00e5 ut och sk\u00f6rda i sin egen tr\u00e4dg\u00e5rd.<\/div><div>Spara tidningsklipp, foton och artiklar med tr\u00e4dg\u00e5rdar som du tycker om. G\u00f6r en \u00f6nsketavla f\u00f6r hur du dr\u00f6mmer om att din tr\u00e4dg\u00e5rd ska se ut.<\/div><div>Skissa din tr\u00e4dg\u00e5rd och b\u00f6rja planera. Varje plats, v\u00e4derstreck har sin aktivitet i tr\u00e4dg\u00e5rden. Kom ih\u00e5g att ta h\u00e4nsyn till zoner, v\u00e4derstreck, lek och platser d\u00e4r du vill kunna umg\u00e5s.\u00a0 Kom ih\u00e5g att ta h\u00e4nsyn till v\u00e4derstrecken n\u00e4r du v\u00e4ljer v\u00e4xter s\u00e5 att blommor, buskar, tr\u00e4d och du kommer att trivas med varandra.<\/div><div>V\u00e4lj nedan f\u00f6r att g\u00e5 till sidorna Att Lyckas Med, Planteringsskisser, Pollinering av K\u00f6rsb\u00e4r, P\u00e4ron, \u00c4pple,eller till v\u00e5r Zonkarta eller till v\u00e5ra Recept.<\/div>\t\t\t\t\t\t<\/div>\n\t\t\t\t<\/div>\n\t\t\t\t\t<\/div>\n\t\t<\/div>\n\t\t\t\t\t<\/div>\n\t\t<\/section>\n\t\t\t\t<section class=\"elementor-section elementor-top-section elementor-element elementor-element-e0d2965 elementor-section-boxed elementor-section-height-default elementor-section-height-default\" data-id=\"e0d2965\" data-element_type=\"section\">\n\t\t\t\t\t\t<div class=\"elementor-container elementor-column-gap-default\">\n\t\t\t\t\t<div class=\"elementor-column elementor-col-100 elementor-top-column elementor-element elementor-element-14f186a\" data-id=\"14f186a\" data-element_type=\"column\">\n\t\t\t<div class=\"elementor-widget-wrap elementor-element-populated\">\n\t\t\t\t\t\t<div class=\"elementor-element elementor-element-210821b elementor-widget elementor-widget-spacer\" data-id=\"210821b\" data-element_type=\"widget\" data-widget_type=\"spacer.default\">\n\t\t\t\t<div class=\"elementor-widget-container\">\n\t\t\t\t\t<div class=\"elementor-spacer\">\n\t\t\t<div class=\"elementor-spacer-inner\"><\/div>\n\t\t<\/div>\n\t\t\t\t<\/div>\n\t\t\t\t<\/div>\n\t\t\t\t\t<\/div>\n\t\t<\/div>\n\t\t\t\t\t<\/div>\n\t\t<\/section>\n\t\t\t\t<section class=\"elementor-section elementor-top-section elementor-element elementor-element-4c1fad6 elementor-section-boxed elementor-section-height-default elementor-section-height-default\" data-id=\"4c1fad6\" data-element_type=\"section\">\n\t\t\t\t\t\t<div class=\"elementor-container elementor-column-gap-default\">\n\t\t\t\t\t<div class=\"elementor-column elementor-col-33 elementor-top-column elementor-element elementor-element-9567f23\" data-id=\"9567f23\" data-element_type=\"column\">\n\t\t\t<div class=\"elementor-widget-wrap elementor-element-populated\">\n\t\t\t\t\t\t<div class=\"elementor-element elementor-element-6f65698 elementor-widget elementor-widget-image\" data-id=\"6f65698\" data-element_type=\"widget\" data-widget_type=\"image.default\">\n\t\t\t\t<div class=\"elementor-widget-container\">\n\t\t\t<style>\/*! elementor - v3.21.0 - 18-04-2024 *\/\n.elementor-widget-image{text-align:center}.elementor-widget-image a{display:inline-block}.elementor-widget-image a img[src$=\".svg\"]{width:48px}.elementor-widget-image img{vertical-align:middle;display:inline-block}<\/style>\t\t\t\t\t\t\t\t\t\t\t<a href=\"https:\/\/sverigestradgardsmastare.se\/inspiration-tips\/att-lyckas-med\/\" target=\"_blank\">\n\t\t\t\t\t\t\t<img fetchpriority=\"high\" decoding=\"async\" width=\"670\" height=\"670\" src=\"https:\/\/www.munkedalsplantskola.se\/wp-content\/uploads\/2022\/09\/lyckasmed.jpg\" class=\"attachment-large size-large wp-image-351\" alt=\"\" srcset=\"https:\/\/www.munkedalsplantskola.se\/wp-content\/uploads\/2022\/09\/lyckasmed.jpg 670w, https:\/\/www.munkedalsplantskola.se\/wp-content\/uploads\/2022\/09\/lyckasmed-300x300.jpg 300w, https:\/\/www.munkedalsplantskola.se\/wp-content\/uploads\/2022\/09\/lyckasmed-150x150.jpg 150w, https:\/\/www.munkedalsplantskola.se\/wp-content\/uploads\/2022\/09\/lyckasmed-360x360.jpg 360w\" sizes=\"(max-width: 670px) 100vw, 670px\" \/>\t\t\t\t\t\t\t\t<\/a>\n\t\t\t\t\t\t\t\t\t\t\t\t\t<\/div>\n\t\t\t\t<\/div>\n\t\t\t\t\t<\/div>\n\t\t<\/div>\n\t\t\t\t<div class=\"elementor-column elementor-col-33 elementor-top-column elementor-element elementor-element-92b3e12\" data-id=\"92b3e12\" data-element_type=\"column\">\n\t\t\t<div class=\"elementor-widget-wrap elementor-element-populated\">\n\t\t\t\t\t\t<div class=\"elementor-element elementor-element-7ecb755 elementor-widget elementor-widget-image\" data-id=\"7ecb755\" data-element_type=\"widget\" data-widget_type=\"image.default\">\n\t\t\t\t<div class=\"elementor-widget-container\">\n\t\t\t\t\t\t\t\t\t\t\t\t\t\t<a href=\"https:\/\/sverigestradgardsmastare.se\/inspiration-tips\/planteringskisser\/\" target=\"_blank\">\n\t\t\t\t\t\t\t<img decoding=\"async\" width=\"670\" height=\"670\" src=\"https:\/\/www.munkedalsplantskola.se\/wp-content\/uploads\/2022\/09\/plantskisser.jpg\" class=\"attachment-large size-large wp-image-359\" alt=\"\" srcset=\"https:\/\/www.munkedalsplantskola.se\/wp-content\/uploads\/2022\/09\/plantskisser.jpg 670w, https:\/\/www.munkedalsplantskola.se\/wp-content\/uploads\/2022\/09\/plantskisser-300x300.jpg 300w, https:\/\/www.munkedalsplantskola.se\/wp-content\/uploads\/2022\/09\/plantskisser-150x150.jpg 150w, https:\/\/www.munkedalsplantskola.se\/wp-content\/uploads\/2022\/09\/plantskisser-360x360.jpg 360w\" sizes=\"(max-width: 670px) 100vw, 670px\" \/>\t\t\t\t\t\t\t\t<\/a>\n\t\t\t\t\t\t\t\t\t\t\t\t\t<\/div>\n\t\t\t\t<\/div>\n\t\t\t\t\t<\/div>\n\t\t<\/div>\n\t\t\t\t<div class=\"elementor-column elementor-col-33 elementor-top-column elementor-element elementor-element-6b78865\" data-id=\"6b78865\" data-element_type=\"column\">\n\t\t\t<div class=\"elementor-widget-wrap elementor-element-populated\">\n\t\t\t\t\t\t<div class=\"elementor-element elementor-element-87279e6 elementor-widget elementor-widget-image\" data-id=\"87279e6\" data-element_type=\"widget\" data-widget_type=\"image.default\">\n\t\t\t\t<div class=\"elementor-widget-container\">\n\t\t\t\t\t\t\t\t\t\t\t\t\t\t<a href=\"https:\/\/sverigestradgardsmastare.se\/zonkarta\/\" target=\"_blank\">\n\t\t\t\t\t\t\t<img decoding=\"async\" width=\"670\" height=\"670\" src=\"https:\/\/www.munkedalsplantskola.se\/wp-content\/uploads\/2022\/09\/zonkarta.jpg\" class=\"attachment-large size-large wp-image-360\" alt=\"\" srcset=\"https:\/\/www.munkedalsplantskola.se\/wp-content\/uploads\/2022\/09\/zonkarta.jpg 670w, https:\/\/www.munkedalsplantskola.se\/wp-content\/uploads\/2022\/09\/zonkarta-300x300.jpg 300w, https:\/\/www.munkedalsplantskola.se\/wp-content\/uploads\/2022\/09\/zonkarta-150x150.jpg 150w, https:\/\/www.munkedalsplantskola.se\/wp-content\/uploads\/2022\/09\/zonkarta-360x360.jpg 360w\" sizes=\"(max-width: 670px) 100vw, 670px\" \/>\t\t\t\t\t\t\t\t<\/a>\n\t\t\t\t\t\t\t\t\t\t\t\t\t<\/div>\n\t\t\t\t<\/div>\n\t\t\t\t\t<\/div>\n\t\t<\/div>\n\t\t\t\t\t<\/div>\n\t\t<\/section>\n\t\t\t\t<section class=\"elementor-section elementor-top-section elementor-element elementor-element-cffdbed elementor-section-boxed elementor-section-height-default elementor-section-height-default\" data-id=\"cffdbed\" data-element_type=\"section\">\n\t\t\t\t\t\t<div class=\"elementor-container elementor-column-gap-default\">\n\t\t\t\t\t<div class=\"elementor-column elementor-col-33 elementor-top-column elementor-element elementor-element-d277eb1\" data-id=\"d277eb1\" data-element_type=\"column\">\n\t\t\t<div class=\"elementor-widget-wrap elementor-element-populated\">\n\t\t\t\t\t\t<div class=\"elementor-element elementor-element-ae49b24 elementor-widget elementor-widget-image\" data-id=\"ae49b24\" data-element_type=\"widget\" data-widget_type=\"image.default\">\n\t\t\t\t<div class=\"elementor-widget-container\">\n\t\t\t\t\t\t\t\t\t\t\t\t\t\t<a href=\"https:\/\/sverigestradgardsmastare.se\/recept\/\" target=\"_blank\">\n\t\t\t\t\t\t\t<img loading=\"lazy\" decoding=\"async\" width=\"670\" height=\"670\" src=\"https:\/\/www.munkedalsplantskola.se\/wp-content\/uploads\/2022\/09\/recept.jpg\" class=\"attachment-large size-large wp-image-361\" alt=\"\" srcset=\"https:\/\/www.munkedalsplantskola.se\/wp-content\/uploads\/2022\/09\/recept.jpg 670w, https:\/\/www.munkedalsplantskola.se\/wp-content\/uploads\/2022\/09\/recept-300x300.jpg 300w, https:\/\/www.munkedalsplantskola.se\/wp-content\/uploads\/2022\/09\/recept-150x150.jpg 150w, https:\/\/www.munkedalsplantskola.se\/wp-content\/uploads\/2022\/09\/recept-360x360.jpg 360w\" sizes=\"(max-width: 670px) 100vw, 670px\" \/>\t\t\t\t\t\t\t\t<\/a>\n\t\t\t\t\t\t\t\t\t\t\t\t\t<\/div>\n\t\t\t\t<\/div>\n\t\t\t\t\t<\/div>\n\t\t<\/div>\n\t\t\t\t<div class=\"elementor-column elementor-col-33 elementor-top-column elementor-element elementor-element-1e1244e\" data-id=\"1e1244e\" data-element_type=\"column\">\n\t\t\t<div class=\"elementor-widget-wrap elementor-element-populated\">\n\t\t\t\t\t\t<div class=\"elementor-element elementor-element-7c0cb93 elementor-widget elementor-widget-image\" data-id=\"7c0cb93\" data-element_type=\"widget\" data-widget_type=\"image.default\">\n\t\t\t\t<div class=\"elementor-widget-container\">\n\t\t\t\t\t\t\t\t\t\t\t\t\t\t<a href=\"https:\/\/sverigestradgardsmastare.se\/pollinering-paron\/\" target=\"_blank\">\n\t\t\t\t\t\t\t<img loading=\"lazy\" decoding=\"async\" width=\"670\" height=\"670\" src=\"https:\/\/www.munkedalsplantskola.se\/wp-content\/uploads\/2022\/09\/pollineringparon.jpg\" class=\"attachment-large size-large wp-image-362\" alt=\"\" srcset=\"https:\/\/www.munkedalsplantskola.se\/wp-content\/uploads\/2022\/09\/pollineringparon.jpg 670w, https:\/\/www.munkedalsplantskola.se\/wp-content\/uploads\/2022\/09\/pollineringparon-300x300.jpg 300w, https:\/\/www.munkedalsplantskola.se\/wp-content\/uploads\/2022\/09\/pollineringparon-150x150.jpg 150w, https:\/\/www.munkedalsplantskola.se\/wp-content\/uploads\/2022\/09\/pollineringparon-360x360.jpg 360w\" sizes=\"(max-width: 670px) 100vw, 670px\" \/>\t\t\t\t\t\t\t\t<\/a>\n\t\t\t\t\t\t\t\t\t\t\t\t\t<\/div>\n\t\t\t\t<\/div>\n\t\t\t\t\t<\/div>\n\t\t<\/div>\n\t\t\t\t<div class=\"elementor-column elementor-col-33 elementor-top-column elementor-element elementor-element-35fb61c\" data-id=\"35fb61c\" data-element_type=\"column\">\n\t\t\t<div class=\"elementor-widget-wrap elementor-element-populated\">\n\t\t\t\t\t\t<div class=\"elementor-element elementor-element-7cdbac0 elementor-widget elementor-widget-image\" data-id=\"7cdbac0\" data-element_type=\"widget\" data-widget_type=\"image.default\">\n\t\t\t\t<div class=\"elementor-widget-container\">\n\t\t\t\t\t\t\t\t\t\t\t\t\t\t<a href=\"https:\/\/sverigestradgardsmastare.se\/pollinering-apple\/\" target=\"_blank\">\n\t\t\t\t\t\t\t<img loading=\"lazy\" decoding=\"async\" width=\"670\" height=\"670\" src=\"https:\/\/www.munkedalsplantskola.se\/wp-content\/uploads\/2022\/09\/pollineringapple.jpg\" class=\"attachment-large size-large wp-image-363\" alt=\"\" srcset=\"https:\/\/www.munkedalsplantskola.se\/wp-content\/uploads\/2022\/09\/pollineringapple.jpg 670w, https:\/\/www.munkedalsplantskola.se\/wp-content\/uploads\/2022\/09\/pollineringapple-300x300.jpg 300w, https:\/\/www.munkedalsplantskola.se\/wp-content\/uploads\/2022\/09\/pollineringapple-150x150.jpg 150w, https:\/\/www.munkedalsplantskola.se\/wp-content\/uploads\/2022\/09\/pollineringapple-360x360.jpg 360w\" sizes=\"(max-width: 670px) 100vw, 670px\" \/>\t\t\t\t\t\t\t\t<\/a>\n\t\t\t\t\t\t\t\t\t\t\t\t\t<\/div>\n\t\t\t\t<\/div>\n\t\t\t\t\t<\/div>\n\t\t<\/div>\n\t\t\t\t\t<\/div>\n\t\t<\/section>\n\t\t\t\t<section class=\"elementor-section elementor-top-section elementor-element elementor-element-dda683f elementor-section-boxed elementor-section-height-default elementor-section-height-default\" data-id=\"dda683f\" data-element_type=\"section\">\n\t\t\t\t\t\t<div class=\"elementor-container elementor-column-gap-default\">\n\t\t\t\t\t<div class=\"elementor-column elementor-col-33 elementor-top-column elementor-element elementor-element-6fd9e39\" data-id=\"6fd9e39\" data-element_type=\"column\">\n\t\t\t<div class=\"elementor-widget-wrap elementor-element-populated\">\n\t\t\t\t\t\t<div class=\"elementor-element elementor-element-f91a0b1 elementor-widget elementor-widget-image\" data-id=\"f91a0b1\" data-element_type=\"widget\" data-widget_type=\"image.default\">\n\t\t\t\t<div class=\"elementor-widget-container\">\n\t\t\t\t\t\t\t\t\t\t\t\t\t\t<a href=\"https:\/\/sverigestradgardsmastare.se\/pollinering-korsbar\/\" target=\"_blank\">\n\t\t\t\t\t\t\t<img loading=\"lazy\" decoding=\"async\" width=\"670\" height=\"670\" src=\"https:\/\/www.munkedalsplantskola.se\/wp-content\/uploads\/2022\/09\/pollinering.jpg\" class=\"attachment-large size-large wp-image-364\" alt=\"\" srcset=\"https:\/\/www.munkedalsplantskola.se\/wp-content\/uploads\/2022\/09\/pollinering.jpg 670w, https:\/\/www.munkedalsplantskola.se\/wp-content\/uploads\/2022\/09\/pollinering-300x300.jpg 300w, https:\/\/www.munkedalsplantskola.se\/wp-content\/uploads\/2022\/09\/pollinering-150x150.jpg 150w, https:\/\/www.munkedalsplantskola.se\/wp-content\/uploads\/2022\/09\/pollinering-360x360.jpg 360w\" sizes=\"(max-width: 670px) 100vw, 670px\" \/>\t\t\t\t\t\t\t\t<\/a>\n\t\t\t\t\t\t\t\t\t\t\t\t\t<\/div>\n\t\t\t\t<\/div>\n\t\t\t\t\t<\/div>\n\t\t<\/div>\n\t\t\t\t<div class=\"elementor-column elementor-col-33 elementor-top-column elementor-element elementor-element-e1b27b3\" data-id=\"e1b27b3\" data-element_type=\"column\">\n\t\t\t<div class=\"elementor-widget-wrap\">\n\t\t\t\t\t\t\t<\/div>\n\t\t<\/div>\n\t\t\t\t<div class=\"elementor-column elementor-col-33 elementor-top-column elementor-element elementor-element-258420a\" data-id=\"258420a\" data-element_type=\"column\">\n\t\t\t<div class=\"elementor-widget-wrap\">\n\t\t\t\t\t\t\t<\/div>\n\t\t<\/div>\n\t\t\t\t\t<\/div>\n\t\t<\/section>\n\t\t\t\t<\/div>\n\t\t","protected":false},"excerpt":{"rendered":"<p>inspiration &#038; tips H\u00e4r f\u00e5r du kunskap, inspiration och tips H\u00e4r f\u00e5r du kunskap, inspiration och tips. N\u00e4r du ska [&hellip;]<\/p>\n","protected":false},"author":1,"featured_media":0,"parent":0,"menu_order":0,"comment_status":"closed","ping_status":"closed","template":"page-templates\/template_page-builder.php","meta":{"om_disable_all_campaigns":false,"_monsterinsights_skip_tracking":false,"_monsterinsights_sitenote_active":false,"_monsterinsights_sitenote_note":"","_monsterinsights_sitenote_category":0,"footnotes":""},"class_list":["post-284","page","type-page","status-publish","hentry"],"aioseo_notices":[],"_links":{"self":[{"href":"https:\/\/www.munkedalsplantskola.se\/index.php\/wp-json\/wp\/v2\/pages\/284","targetHints":{"allow":["GET"]}}],"collection":[{"href":"https:\/\/www.munkedalsplantskola.se\/index.php\/wp-json\/wp\/v2\/pages"}],"about":[{"href":"https:\/\/www.munkedalsplantskola.se\/index.php\/wp-json\/wp\/v2\/types\/page"}],"author":[{"embeddable":true,"href":"https:\/\/www.munkedalsplantskola.se\/index.php\/wp-json\/wp\/v2\/users\/1"}],"replies":[{"embeddable":true,"href":"https:\/\/www.munkedalsplantskola.se\/index.php\/wp-json\/wp\/v2\/comments?post=284"}],"version-history":[{"count":49,"href":"https:\/\/www.munkedalsplantskola.se\/index.php\/wp-json\/wp\/v2\/pages\/284\/revisions"}],"predecessor-version":[{"id":388,"href":"https:\/\/www.munkedalsplantskola.se\/index.php\/wp-json\/wp\/v2\/pages\/284\/revisions\/388"}],"wp:attachment":[{"href":"https:\/\/www.munkedalsplantskola.se\/index.php\/wp-json\/wp\/v2\/media?parent=284"}],"curies":[{"name":"wp","href":"https:\/\/api.w.org\/{rel}","templated":true}]}}